{"id":50943,"date":"2025-09-10T19:24:51","date_gmt":"2025-09-10T19:24:51","guid":{"rendered":"https:\/\/parquecomerciallosolivos.com\/?page_id=50943"},"modified":"2025-09-10T19:25:41","modified_gmt":"2025-09-10T19:25:41","slug":"1-aviso-legal","status":"publish","type":"page","link":"https:\/\/parquecomerciallosolivos.com\/index.php\/1-aviso-legal\/","title":{"rendered":"1. Aviso Legal"},"content":{"rendered":"\n<h1 class=\"wp-block-heading\">1. Aviso Legal<\/h1>\n\n\n\n<p><strong>1. Aviso Legal<\/strong><\/p>\n\n\n\n<p><strong>Titularidad de la web<\/strong><br>En cumplimiento con el deber de informaci\u00f3n recogido en el art\u00edculo 10 de la Ley 34\/2002, de 11 de julio, de Servicios de la Sociedad de la Informaci\u00f3n y de Comercio Electr\u00f3nico (LSSI-CE), se informa que la presente p\u00e1gina web es titularidad de:<\/p>\n\n\n\n<ul class=\"wp-block-list\">\n<li><strong>Nombre comercial:<\/strong>&nbsp;Parque Comercial y de Ocio Los Olivos<\/li>\n\n\n\n<li><strong>Raz\u00f3n social:<\/strong>&nbsp;Certain S.L.<\/li>\n\n\n\n<li><strong>CIF:<\/strong>&nbsp;B30326714<\/li>\n\n\n\n<li><strong>Domicilio social:<\/strong>&nbsp;Calle Paseo, 12 \u2013 Bj, 30530 Cieza (Murcia), Espa\u00f1a<\/li>\n\n\n\n<li><strong>Email de contacto:<\/strong>&nbsp;<a>info@parquecomerciallosolivos.com<\/a><\/li>\n\n\n\n<li><strong>Tel\u00e9fono:<\/strong>&nbsp;+34 968 453 905<\/li>\n<\/ul>\n\n\n\n<p><strong>Condiciones de uso<\/strong><br>El acceso a esta web atribuye la condici\u00f3n de usuario e implica la aceptaci\u00f3n plena de todas las disposiciones incluidas en este Aviso Legal. El titular podr\u00e1 modificar en cualquier momento estas condiciones, as\u00ed como cualquier otra informaci\u00f3n contenida en el sitio web.<\/p>\n\n\n\n<p><strong>Propiedad intelectual e industrial<\/strong><br>Los contenidos de esta web (textos, logotipos, im\u00e1genes, gr\u00e1ficos, etc.) son propiedad de Certain S.L. o de terceros autorizados. Queda prohibida su reproducci\u00f3n, distribuci\u00f3n o modificaci\u00f3n sin autorizaci\u00f3n expresa.<\/p>\n\n\n\n<p><strong>Exenci\u00f3n de responsabilidad<\/strong><br>Certain S.L. no se hace responsable de los da\u00f1os o perjuicios que pudieran derivarse del mal uso de la web, interrupciones del servicio o presencia de virus inform\u00e1ticos.<\/p>\n","protected":false},"excerpt":{"rendered":"<p>1. Aviso Legal 1. Aviso Legal Titularidad de la webEn cumplimiento con el deber de informaci\u00f3n recogido en el art\u00edculo 10 de la Ley 34\/2002, de 11 de julio, de&#8230;<\/p>\n","protected":false},"author":1,"featured_media":0,"parent":0,"menu_order":0,"comment_status":"closed","ping_status":"closed","template":"","meta":{"_acf_changed":false,"footnotes":""},"class_list":["post-50943","page","type-page","status-publish","hentry"],"acf":[],"_links":{"self":[{"href":"https:\/\/parquecomerciallosolivos.com\/index.php\/wp-json\/wp\/v2\/pages\/50943","targetHints":{"allow":["GET"]}}],"collection":[{"href":"https:\/\/parquecomerciallosolivos.com\/index.php\/wp-json\/wp\/v2\/pages"}],"about":[{"href":"https:\/\/parquecomerciallosolivos.com\/index.php\/wp-json\/wp\/v2\/types\/page"}],"author":[{"embeddable":true,"href":"https:\/\/parquecomerciallosolivos.com\/index.php\/wp-json\/wp\/v2\/users\/1"}],"replies":[{"embeddable":true,"href":"https:\/\/parquecomerciallosolivos.com\/index.php\/wp-json\/wp\/v2\/comments?post=50943"}],"version-history":[{"count":2,"href":"https:\/\/parquecomerciallosolivos.com\/index.php\/wp-json\/wp\/v2\/pages\/50943\/revisions"}],"predecessor-version":[{"id":50945,"href":"https:\/\/parquecomerciallosolivos.com\/index.php\/wp-json\/wp\/v2\/pages\/50943\/revisions\/50945"}],"wp:attachment":[{"href":"https:\/\/parquecomerciallosolivos.com\/index.php\/wp-json\/wp\/v2\/media?parent=50943"}],"curies":[{"name":"wp","href":"https:\/\/api.w.org\/{rel}","templated":true}]}}