{"id":50964,"date":"2025-09-10T19:45:55","date_gmt":"2025-09-10T19:45:55","guid":{"rendered":"https:\/\/parquecomerciallosolivos.com\/?page_id=50964"},"modified":"2025-09-10T19:45:56","modified_gmt":"2025-09-10T19:45:56","slug":"politica-de-redes-sociales-rrss","status":"publish","type":"page","link":"https:\/\/parquecomerciallosolivos.com\/index.php\/politica-de-redes-sociales-rrss\/","title":{"rendered":"Pol\u00edtica de Redes Sociales (RRSS)"},"content":{"rendered":"\n<h1 class=\"wp-block-heading\">Pol\u00edtica de Redes Sociales (RRSS)<\/h1>\n\n\n\n<p>La presencia del\u00a0<strong>Parque Comercial y de Ocio Los Olivos<\/strong>\u00a0en redes sociales (Instagram, Facebook, TikTok,) tiene como objetivo compartir informaci\u00f3n, novedades y actividades con los usuarios.<\/p>\n\n\n\n<ul class=\"wp-block-list\">\n<li><strong>Respeto y convivencia:<\/strong>\u00a0no se permitir\u00e1 contenido ofensivo, discriminatorio o ilegal.<\/li>\n\n\n\n<li><strong>Protecci\u00f3n de datos:<\/strong>\u00a0los datos compartidos por usuarios no ser\u00e1n utilizados con fines distintos a los previstos.<\/li>\n\n\n\n<li><strong>Interacci\u00f3n:<\/strong>\u00a0se responder\u00e1 a consultas en el menor tiempo posible a trav\u00e9s de los canales oficiales.<\/li>\n\n\n\n<li><strong>Uso de contenidos:<\/strong>\u00a0las im\u00e1genes y v\u00eddeos compartidos por seguidores podr\u00e1n ser republicados previa autorizaci\u00f3n.<\/li>\n\n\n\n<li><strong>Menores de edad:<\/strong>\u00a0el contenido est\u00e1 orientado a todos los p\u00fablicos, pero se recuerda que la supervisi\u00f3n corresponde a padres o tutores.<\/li>\n<\/ul>\n","protected":false},"excerpt":{"rendered":"<p>Pol\u00edtica de Redes Sociales (RRSS) La presencia del\u00a0Parque Comercial y de Ocio Los Olivos\u00a0en redes sociales (Instagram, Facebook, TikTok,) tiene como objetivo compartir informaci\u00f3n, novedades y actividades con los usuarios.<\/p>\n","protected":false},"author":1,"featured_media":0,"parent":0,"menu_order":0,"comment_status":"closed","ping_status":"closed","template":"","meta":{"_acf_changed":false,"footnotes":""},"class_list":["post-50964","page","type-page","status-publish","hentry"],"acf":[],"_links":{"self":[{"href":"https:\/\/parquecomerciallosolivos.com\/index.php\/wp-json\/wp\/v2\/pages\/50964","targetHints":{"allow":["GET"]}}],"collection":[{"href":"https:\/\/parquecomerciallosolivos.com\/index.php\/wp-json\/wp\/v2\/pages"}],"about":[{"href":"https:\/\/parquecomerciallosolivos.com\/index.php\/wp-json\/wp\/v2\/types\/page"}],"author":[{"embeddable":true,"href":"https:\/\/parquecomerciallosolivos.com\/index.php\/wp-json\/wp\/v2\/users\/1"}],"replies":[{"embeddable":true,"href":"https:\/\/parquecomerciallosolivos.com\/index.php\/wp-json\/wp\/v2\/comments?post=50964"}],"version-history":[{"count":1,"href":"https:\/\/parquecomerciallosolivos.com\/index.php\/wp-json\/wp\/v2\/pages\/50964\/revisions"}],"predecessor-version":[{"id":50965,"href":"https:\/\/parquecomerciallosolivos.com\/index.php\/wp-json\/wp\/v2\/pages\/50964\/revisions\/50965"}],"wp:attachment":[{"href":"https:\/\/parquecomerciallosolivos.com\/index.php\/wp-json\/wp\/v2\/media?parent=50964"}],"curies":[{"name":"wp","href":"https:\/\/api.w.org\/{rel}","templated":true}]}}